{"id":35,"date":"2017-08-08T04:56:40","date_gmt":"2017-08-08T04:56:40","guid":{"rendered":"http:\/\/shrigatto.com.br\/?page_id=35"},"modified":"2018-08-24T02:34:09","modified_gmt":"2018-08-24T02:34:09","slug":"i-forum-justica-restaurativa-mediacao-e-conciliacao","status":"publish","type":"page","link":"https:\/\/shrigatto.com.br\/?page_id=35","title":{"rendered":"Eventos"},"content":{"rendered":"<p><span style=\"color: #000000;\"><strong><a style=\"color: #000000;\" href=\"https:\/\/shrigatto.com.br\/?p=86\">II F\u00d3RUM JUSTI\u00c7A RESTAURATIVA<\/a>\u00a0&#8211; 17 e 18 SETEMBRO 2018 &#8211; 19H<\/strong><\/span><\/p>\n<p><span style=\"color: #000000;\">A Justi\u00e7a Restaurativa \u00e9 um modelo de Justi\u00e7a Sist\u00eamica, Pacificadora, Humanizada, que acredita no di\u00e1logo, coopera\u00e7\u00e3o e solidariedade entre os membros de uma sociedade para resolu\u00e7\u00e3o de seus conflitos em contraposi\u00e7\u00e3o ao modelo de\u00a0 justi\u00e7a punitiva e de vingan\u00e7a vigentes. Neste II F\u00f3rum Justi\u00e7a Restaurativa\u00a0 &#8211; Pr\u00e1ticas e Reflex\u00f5es ser\u00e3o abordadas pr\u00e1ticas fundamentadas nos valores da Justi\u00e7a Restaurativa e reflex\u00f5es propostas por operadores do Direito para uma Teoria de Justi\u00e7a.\u00a0 \u00a0<\/span> \u00a0 \u00a0 \u00a0 \u00a0<span style=\"color: #000000;\"> \u00a0 <strong>Programa\u00e7\u00e3o<\/strong><\/span> <span style=\"color: #000080;\">(<a style=\"color: #000080;\" href=\"https:\/\/shrigatto.com.br\/?p=114&amp;preview_id=114&amp;preview_nonce=c59f2556fe&amp;_thumbnail_id=-1&amp;preview=true\" target=\"_blank\" rel=\"noopener\"><strong><span style=\"color: #333399;\">clique aqui<\/span><\/strong><\/a>)<\/span><\/p>\n<p>&nbsp;<\/p>\n<p><a href=\"http:\/\/domhelder.edu.br\/eventos\/calendario\/seminario-nacional-direitos-humanos-como-um-projeto-de-sociedade-perspectivas-e-desafios\/\">II SEMIN\u00c1RIO NACIONAL DIREITOS HUMANOS COMO PROJETO DE SOCIEDADE &#8211; AGOSTO 2018<\/a><\/p>\n<p>A\u00a0Escola Superior Dom Helder C\u00e2mara<strong> (ESDHC)<\/strong>\u00a0e seu Programa de P\u00f3s-Gradua\u00e7\u00e3o em Direito Ambiental e Desenvolvimento Sustent\u00e1vel, com o fito de promover a discuss\u00e3o em torno dos Direitos Humanos em um cen\u00e1rio que se faz t\u00e3o crucial o entendimento e o debate dessa tem\u00e1tica, convida toda a comunidade acad\u00eamica para apresentar resumos expandidos e artigos cient\u00edficos, assim como apresenta-los na forma de comunica\u00e7\u00e3o oral, durante o II Semin\u00e1rio Nacional Direitos Humanos como um projeto de sociedade: caracteriza\u00e7\u00f5es e desafios, que ocorrer\u00e1 nos dias 16 e 17 de agosto em Belo Horizonte\/MG, sob a Coordena\u00e7\u00e3o Geral do Professor Jo\u00e3o Batista Moreira Pinto<\/p>\n<p>&nbsp;<\/p>\n<h1 class=\"congresso\"><\/h1>\n<p><a href=\"https:\/\/shrigatto.com.br\/?p=67\">CAF\u00c9 CULTURAL UNILAVRAS &#8211;\u00a0<\/a><a href=\"https:\/\/shrigatto.com.br\/?p=67\">PSICOLOGIA E DIREITOS HUMANOS<\/a><\/p>\n<p>O Caf\u00e9 Cultural \u00e9 um evento do curso de gradua\u00e7\u00e3o em Psicologia do Unilavras que visa promover o debate sobre temas pol\u00eamicos e atuais. O evento \u00e9 realizado bimestralmente e sempre nas depend\u00eancias da IES. Nesta XIX edi\u00e7\u00e3o, realizada no dia 08 de maio de 2018, o Caf\u00e9 Cultural abordou o tema &#8220;Psicologia e Direitos Humanos&#8221;, <a href=\"https:\/\/shrigatto.com.br\/?p=75\">confira aqui<\/a> a programa\u00e7\u00e3o completa do evento.<\/p>\n<p>&nbsp;<\/p>\n<p style=\"text-align: justify;\"><a href=\"https:\/\/shrigatto.com.br\/?p=38\">I F\u00d3RUM JUSTI\u00c7A RESTAURATIVA, MEDIA\u00c7\u00c3O E CONCILIA\u00c7\u00c3O<\/a><\/p>\n<p style=\"text-align: justify;\">O F\u00f3rum Justi\u00e7a Restaurativa, Media\u00e7\u00e3o e Concilia\u00e7\u00e3o tem como objetivo promover o debate sobre as diretrizes do Conselho Nacional de Justi\u00e7a (CNJ) para a pr\u00e1tica da Justi\u00e7a Restaurativa e da Media\u00e7\u00e3o e Concilia\u00e7\u00e3o como instrumentos efetivos de pacifica\u00e7\u00e3o social. O evento \u00e9 realizado pelo\u00a0N\u00facleo de Estudos em Direitos Humanos e Constitucionais, do Departamento de Direito da Universidade Federal de Lavras, e tem a parceria do Centro Acad\u00eamico do Direito &#8211; Gest\u00e3o Vozes e da Coordenadoria de Acessibilidade, da Pr\u00f3-Reitoria de Assuntos Estudantis e Comunit\u00e1rios (PRAEC).<\/p>\n<p>Programa\u00e7\u00e3o (<a href=\"https:\/\/shrigatto.com.br\/?p=52&amp;preview=true\">clique aqui<\/a>)<\/p>\n","protected":false},"excerpt":{"rendered":"<p>II F\u00d3RUM JUSTI\u00c7A RESTAURATIVA\u00a0&#8211; 17 e 18 SETEMBRO 2018 &#8211; 19H A Justi\u00e7a Restaurativa \u00e9 um modelo de Justi\u00e7a Sist\u00eamica, Pacificadora, Humanizada, que acredita no di\u00e1logo, coopera\u00e7\u00e3o e solidariedade entre os membros de uma sociedade para resolu\u00e7\u00e3o de seus conflitos em contraposi\u00e7\u00e3o ao modelo de\u00a0 justi\u00e7a punitiva e de vingan\u00e7a vigentes. Neste II F\u00f3rum Justi\u00e7a [&hellip;]<\/p>\n","protected":false},"author":1,"featured_media":0,"parent":0,"menu_order":0,"comment_status":"closed","ping_status":"closed","template":"blog.php","meta":{"footnotes":""},"class_list":["post-35","page","type-page","status-publish","hentry"],"_links":{"self":[{"href":"https:\/\/shrigatto.com.br\/index.php?rest_route=\/wp\/v2\/pages\/35","targetHints":{"allow":["GET"]}}],"collection":[{"href":"https:\/\/shrigatto.com.br\/index.php?rest_route=\/wp\/v2\/pages"}],"about":[{"href":"https:\/\/shrigatto.com.br\/index.php?rest_route=\/wp\/v2\/types\/page"}],"author":[{"embeddable":true,"href":"https:\/\/shrigatto.com.br\/index.php?rest_route=\/wp\/v2\/users\/1"}],"replies":[{"embeddable":true,"href":"https:\/\/shrigatto.com.br\/index.php?rest_route=%2Fwp%2Fv2%2Fcomments&post=35"}],"version-history":[{"count":27,"href":"https:\/\/shrigatto.com.br\/index.php?rest_route=\/wp\/v2\/pages\/35\/revisions"}],"predecessor-version":[{"id":240,"href":"https:\/\/shrigatto.com.br\/index.php?rest_route=\/wp\/v2\/pages\/35\/revisions\/240"}],"wp:attachment":[{"href":"https:\/\/shrigatto.com.br\/index.php?rest_route=%2Fwp%2Fv2%2Fmedia&parent=35"}],"curies":[{"name":"wp","href":"https:\/\/api.w.org\/{rel}","templated":true}]}}